{"id":36,"date":"2014-11-04T23:21:23","date_gmt":"2014-11-04T23:21:23","guid":{"rendered":"http:\/\/arco.camadeira.com\/?page_id=36"},"modified":"2022-11-02T08:48:44","modified_gmt":"2022-11-02T08:48:44","slug":"informacao-provas-2014-2015","status":"publish","type":"page","link":"http:\/\/arco.camadeira.com\/?page_id=36","title":{"rendered":"Localiza\u00e7\u00e3o Provas e Treinos"},"content":{"rendered":"<p><strong>Atividades de Treino e Forma\u00e7\u00e3o &#8211; Escola Dr. Hor\u00e1cio Bento Gouveia<\/strong><\/p>\n<p><iframe loading=\"lazy\" src=\"https:\/\/www.google.com\/maps\/d\/embed?mid=1OoSOtWRFEhWL8Z-GzjnLl34s418\" width=\"610\" height=\"480\"><\/iframe><\/p>\n<p>PAVILH\u00c3O DE SANTANA<\/p>\n<iframe loading=\"lazy\" src=\"https:\/\/www.google.com\/maps\/d\/u\/3\/embed?mid=1uTbdpIAu4itOB_L3hiB4NI26NSMryYBA&#038;ehbc=2E312F\" width=\"640\" height=\"480\"><\/iframe><\/p>\n<p><iframe loading=\"lazy\" src=\"https:\/\/www.google.com\/maps\/d\/u\/2\/embed?mid=1Epw3J431d5ENGGpbUoDDxmGWYWoYpqcl\" width=\"610\" height=\"480\"><\/iframe><\/p>\n<p>Provas&nbsp;e atividades de Sala &#8211; <strong>Pavih\u00e3o de Machico<\/strong><\/p>\n<p><iframe loading=\"lazy\" src=\"https:\/\/www.google.com\/maps\/d\/embed?mid=1AshoY5GKQajjMyJFuDo6ugfmVsU\" width=\"610\" height=\"480\"><\/iframe><\/p>\n<p>PAVILH\u00c3O DA RIBEIRA BRAVA<br><iframe loading=\"lazy\" src=\"https:\/\/www.google.com\/maps\/d\/u\/2\/embed?mid=10oVFl1Xp1RhGEVelxIcz6MDIs3VB3p8L\" width=\"610\" height=\"480\"><\/iframe><br><iframe loading=\"lazy\" src=\"https:\/\/www.google.com\/maps\/d\/u\/2\/embed?mid=1bc9ZhdyPRWYQod7ao25Bmnk__uiHS6dF\" width=\"610\" height=\"480\"><\/iframe><\/p>\n<p>Campo de Futebol do Santo da Serra<br><iframe loading=\"lazy\" src=\"https:\/\/www.google.com\/maps\/d\/u\/2\/embed?mid=1_-vS3Ya71H7LqPptCuOeGt69gfM\" width=\"620\" height=\"480\"><\/iframe><\/p>\n<p>Provas&nbsp;e atividades de Sala &#8211; <strong>Pavih\u00e3o de Machico<\/strong><\/p>\n<p><iframe loading=\"lazy\" src=\"https:\/\/www.google.com\/maps\/d\/embed?mid=1AshoY5GKQajjMyJFuDo6ugfmVsU\" width=\"610\" height=\"480\"><\/iframe><\/p>\n\n\n<pre class=\"wp-block-code\"><code>&lt;iframe src=\"https:\/\/www.google.com\/maps\/d\/u\/2\/embed?mid=1uTbdpIAu4itOB_L3hiB4NI26NSMryYBA\" width=\"620\" height=\"480\"&gt;&lt;\/iframe&gt;<\/code><\/pre>\n","protected":false},"excerpt":{"rendered":"<p>Atividades de Treino e Forma\u00e7\u00e3o &#8211; Escola Dr. Hor\u00e1cio Bento Gouveia PAVILH\u00c3O DE SANTANA Provas&nbsp;e atividades de Sala &#8211; Pavih\u00e3o de Machico PAVILH\u00c3O DA RIBEIRA BRAVA Campo de Futebol do Santo da Serra Provas&nbsp;e atividades de Sala &#8211; Pavih\u00e3o de Machico<\/p>\n","protected":false},"author":1,"featured_media":0,"parent":0,"menu_order":0,"comment_status":"closed","ping_status":"open","template":"","meta":[],"_links":{"self":[{"href":"http:\/\/arco.camadeira.com\/index.php?rest_route=\/wp\/v2\/pages\/36"}],"collection":[{"href":"http:\/\/arco.camadeira.com\/index.php?rest_route=\/wp\/v2\/pages"}],"about":[{"href":"http:\/\/arco.camadeira.com\/index.php?rest_route=\/wp\/v2\/types\/page"}],"author":[{"embeddable":true,"href":"http:\/\/arco.camadeira.com\/index.php?rest_route=\/wp\/v2\/users\/1"}],"replies":[{"embeddable":true,"href":"http:\/\/arco.camadeira.com\/index.php?rest_route=%2Fwp%2Fv2%2Fcomments&post=36"}],"version-history":[{"count":37,"href":"http:\/\/arco.camadeira.com\/index.php?rest_route=\/wp\/v2\/pages\/36\/revisions"}],"predecessor-version":[{"id":2680,"href":"http:\/\/arco.camadeira.com\/index.php?rest_route=\/wp\/v2\/pages\/36\/revisions\/2680"}],"wp:attachment":[{"href":"http:\/\/arco.camadeira.com\/index.php?rest_route=%2Fwp%2Fv2%2Fmedia&parent=36"}],"curies":[{"name":"wp","href":"https:\/\/api.w.org\/{rel}","templated":true}]}}