{"id":220,"date":"2016-10-26T20:31:53","date_gmt":"2016-10-26T20:31:53","guid":{"rendered":"http:\/\/arco.camadeira.com\/?page_id=220"},"modified":"2026-04-16T23:46:14","modified_gmt":"2026-04-16T23:46:14","slug":"rankings","status":"publish","type":"page","link":"http:\/\/arco.camadeira.com\/?page_id=220","title":{"rendered":"Rankings"},"content":{"rendered":"<p><strong>\u00c9poca 2025 &#8211; 2026<\/strong><\/p>\n<ul>\n<li><a href=\"http:\/\/arco.camadeira.com\/wp-content\/uploads\/2026\/04\/Ranking-Sala-2025-2026-FINAL-10.a-Prova.pdf\">Ranking Sala 2025-2026 FINAL 10.\u00aa Prova<\/a><\/li>\n<li><a href=\"http:\/\/arco.camadeira.com\/wp-content\/uploads\/2026\/04\/Ranking-Sala-Equipas-2025-2026-FINAL-10.a-prova.pdf\">Ranking Sala Equipas 2025-2026 FINAL 10.\u00aa prova<\/a><\/li>\n<\/ul>\n<p><strong>\u00c9poca 2024 &#8211; 2025<\/strong><\/p>\n<ul>\n<li><a href=\"http:\/\/arco.camadeira.com\/wp-content\/uploads\/2025\/07\/SALA-2024-2025-Ranking-10.a-Prova.pdf\">SALA 2024-2025-Ranking 10.\u00aa Prova<\/a><\/li>\n<li><a href=\"http:\/\/arco.camadeira.com\/wp-content\/uploads\/2025\/07\/CAMPO-2024-2025-Ranking-6.a-Prova.pdf\">CAMPO 2024-2025 &#8211; Ranking 6.\u00aa Prova<\/a><\/li>\n<\/ul>\n<p><strong>\u00c9poca 2023 -2024<\/strong><\/p>\n<ul>\n<li><a href=\"http:\/\/arco.camadeira.com\/wp-content\/uploads\/2024\/04\/Ranking-final-Campeonato-da-Madeira-de-Tiro-com-Arco-em-Sala-2023-2024.pdf\">Ranking final Campeonato da Madeira de Tiro com Arco em Sala 2023-2024<\/a><\/li>\n<li><a href=\"http:\/\/arco.camadeira.com\/wp-content\/uploads\/2024\/08\/Classificacao-Equipas-Campeonato-Regional-Sala-2023-2024-Divisao-Recurvo.pdf\">Classifica\u00e7\u00e3o Equipas &#8211; Campeonato Regional Sala 2023-2024 &#8211; Divis\u00e3o Recurvo<\/a><\/li>\n<li><a href=\"http:\/\/arco.camadeira.com\/wp-content\/uploads\/2025\/07\/CAMPO-2023-2024-Ranking-6.a-Prova.pdf\">CAMPO 2023-2024 -Ranking 6.\u00aa Prova<\/a><\/li>\n<\/ul>\n<p><strong>\u00c9poca 2022 &#8211; 2023\u00a0<\/strong><\/p>\n<ul>\n<li><a href=\"http:\/\/arco.camadeira.com\/wp-content\/uploads\/2023\/10\/Ranking-Camp-Reg.-Sala-2022-2023-Final.pdf\">Ranking Camp Reg. Sala 2022-2023 &#8211; Final<\/a><\/li>\n<li><a href=\"http:\/\/arco.camadeira.com\/wp-content\/uploads\/2024\/04\/Ranking-Final-Campeonato-Madeira-Campo-2022-2023-1.pdf\">Ranking Final Campeonato Madeira Campo 2022-2023<\/a><\/li>\n<\/ul>\n<p><strong>2021-2022<\/strong><\/p>\n<ul>\n<li><a href=\"http:\/\/arco.camadeira.com\/wp-content\/uploads\/2022\/10\/RANKING-TIRO-COM-ARCO-CAMPO-2021-2022-F.pdf\" target=\"_blank\" rel=\"noopener\">Ranking Tiro Com Arco Campo 2021-2022 F<\/a><\/li>\n<li><a href=\"http:\/\/arco.camadeira.com\/wp-content\/uploads\/2022\/06\/Ranking-Campeonato-Regional-Madeira-Tiro-Com-Arco-Sala-2021-2022.pdf\">Ranking Campeonato Regional Madeira Tiro Com Arco Sala 2021-2022<\/a><\/li>\n<\/ul>\n<p><strong>2020 &#8211; 2021<\/strong><\/p>\n<ul>\n<li><a href=\"http:\/\/arco.camadeira.com\/wp-content\/uploads\/2021\/11\/Ranking-Campeonato-Regional-Tiro-Com-Arco-Sala-2020-2021-FINAL.pdf\">Ranking Campeonato Regional Tiro Com Arco &#8211; Sala &#8211; 2020-2021 FINAL<\/a><\/li>\n<\/ul>\n<p><strong>2019 &#8211; 2020<\/strong><\/p>\n<ul>\n<li><a href=\"http:\/\/arco.camadeira.com\/wp-content\/uploads\/2016\/10\/Ranking-Tiro-Com-Arco-2019-2020-prov.pdf\">Ranking Tiro Com Arco SALA 2019-2020<\/a><\/li>\n<\/ul>\n<p><strong>2018 &#8211; 2019<\/strong><\/p>\n<ul>\n<li><a href=\"http:\/\/arco.camadeira.com\/wp-content\/uploads\/2016\/10\/Ranking-campo-2018-2019-prov.pdf\">Ranking campo 2018-2019 prov<\/a><\/li>\n<li><a href=\"http:\/\/arco.camadeira.com\/wp-content\/uploads\/2016\/10\/Ranking-ap\u00f3s-10\u00aa-prova-2018-2019-TA-CS-1.pdf\">Ranking\u00a0Sala\u00a02018-2019\u00a0<\/a><\/li>\n<\/ul>\n<p><strong>2017 &#8211; 2018<\/strong><\/p>\n<ul>\n<li><a href=\"http:\/\/arco.camadeira.com\/wp-content\/uploads\/2016\/10\/Ranking-Campo-2017-20181.pdf\">Ranking Campo 2017-2018<\/a><\/li>\n<li><a href=\"http:\/\/arco.camadeira.com\/wp-content\/uploads\/2016\/10\/Ranking-Sala-2017-2018.pdf\">Ranking Sala 2017-2018<\/a><\/li>\n<\/ul>\n<p><strong>2016 &#8211; 2017<\/strong><\/p>\n<ul>\n<li><a href=\"http:\/\/arco.camadeira.com\/wp-content\/uploads\/2016\/10\/Ranking-Tiro-Com-Arco-Campo-Final-2016-17-1.pdf\">Ranking Tiro Com Arco Campo 2016-2017\u00a0<\/a><\/li>\n<li><a href=\"http:\/\/arco.camadeira.com\/wp-content\/uploads\/2016\/10\/Ranking-Tiro-Com-Arco-Sala-2016-17-final.pdf\" target=\"_blank\" rel=\"noopener noreferrer\">Ranking Tiro Com Arco Sala 2016-2017\u00a0<\/a><\/li>\n<\/ul>\n<p><strong>2015 &#8211; 2016<\/strong><\/p>\n<ul>\n<li><a href=\"http:\/\/arco.camadeira.com\/wp-content\/uploads\/2016\/10\/Sala-TC-Arco-Ranking-2015-2016.pdf\">Sala-TC-Arco-ranking-2015-2016<\/a><\/li>\n<li><a href=\"http:\/\/arco.camadeira.com\/wp-content\/uploads\/2016\/10\/Campo-TC-Arco-Ranking-2015-2016.pdf\">Campo-TC-Arco-ranking-2015-2016<\/a><\/li>\n<\/ul>\n","protected":false},"excerpt":{"rendered":"<p>\u00c9poca 2025 &#8211; 2026 Ranking Sala 2025-2026 FINAL 10.\u00aa Prova Ranking Sala Equipas 2025-2026 FINAL 10.\u00aa prova \u00c9poca 2024 &#8211; 2025 SALA 2024-2025-Ranking 10.\u00aa Prova CAMPO 2024-2025 &#8211; Ranking 6.\u00aa Prova \u00c9poca 2023 -2024 Ranking final Campeonato da Madeira de Tiro com Arco em Sala 2023-2024 Classifica\u00e7\u00e3o Equipas &#8211; Campeonato Regional Sala 2023-2024 &#8211; Divis\u00e3o &hellip; <\/p>\n<p><a class=\"more-link block-button\" href=\"http:\/\/arco.camadeira.com\/?page_id=220\">Continue a ler &raquo;<\/a><\/p>\n","protected":false},"author":1,"featured_media":0,"parent":0,"menu_order":0,"comment_status":"closed","ping_status":"open","template":"","meta":[],"_links":{"self":[{"href":"http:\/\/arco.camadeira.com\/index.php?rest_route=\/wp\/v2\/pages\/220"}],"collection":[{"href":"http:\/\/arco.camadeira.com\/index.php?rest_route=\/wp\/v2\/pages"}],"about":[{"href":"http:\/\/arco.camadeira.com\/index.php?rest_route=\/wp\/v2\/types\/page"}],"author":[{"embeddable":true,"href":"http:\/\/arco.camadeira.com\/index.php?rest_route=\/wp\/v2\/users\/1"}],"replies":[{"embeddable":true,"href":"http:\/\/arco.camadeira.com\/index.php?rest_route=%2Fwp%2Fv2%2Fcomments&post=220"}],"version-history":[{"count":114,"href":"http:\/\/arco.camadeira.com\/index.php?rest_route=\/wp\/v2\/pages\/220\/revisions"}],"predecessor-version":[{"id":4099,"href":"http:\/\/arco.camadeira.com\/index.php?rest_route=\/wp\/v2\/pages\/220\/revisions\/4099"}],"wp:attachment":[{"href":"http:\/\/arco.camadeira.com\/index.php?rest_route=%2Fwp%2Fv2%2Fmedia&parent=220"}],"curies":[{"name":"wp","href":"https:\/\/api.w.org\/{rel}","templated":true}]}}