{"id":206,"date":"2016-10-18T10:49:59","date_gmt":"2016-10-18T10:49:59","guid":{"rendered":"http:\/\/arco.camadeira.com\/?page_id=206"},"modified":"2016-11-19T15:59:57","modified_gmt":"2016-11-19T15:59:57","slug":"206-2","status":"publish","type":"page","link":"http:\/\/arco.camadeira.com\/?page_id=206","title":{"rendered":"Hist\u00f3ria Tiro Com Arco"},"content":{"rendered":"<p><strong>Hist\u00f3ria do Tiro Com Arco<\/strong><\/p>\n<p><a href=\"http:\/\/arco.camadeira.com\/wp-content\/uploads\/2016\/10\/historia_arco01.jpg\"><img loading=\"lazy\" class=\"alignnone size-full wp-image-207\" src=\"http:\/\/arco.camadeira.com\/wp-content\/uploads\/2016\/10\/historia_arco01.jpg\" alt=\"historia_arco01\" width=\"200\" height=\"172\" \/><\/a><\/p>\n<p style=\"text-align: justify;\">Quando entramos em contacto pela primeira vez com um arco, n\u00e3o temos a no\u00e7\u00e3o que se trata de uma actividade que se pratica a cerca de 20.000 anos. As pinturas rupestres mais antigas j\u00e1 mostram homens primitivos ca\u00e7ando com arco.<\/p>\n<p style=\"text-align: justify;\">O arco e a flecha formam desde sempre ferramentas para a sobreviv\u00eancia da humanidade. Gra\u00e7as a esses instrumentos o homem se converteu em ca\u00e7ador. A ca\u00e7a com arco era bastante mais segura que os outros m\u00e9todos conhecidos at\u00e9 ent\u00e3o, por permitir uma dist\u00e2ncia de seguran\u00e7a. As caracter\u00edsticas dos arcos revelavam alguns segredos dos seus modos de vida. Por exemplo os arcos pequenos eram f\u00e1ceis de manejar montando um cavalo ou em cima de um carro de combate, enquanto que os arcos grandes eram ideais para atingir objectivos que se encontravam a grande dist\u00e2ncias, nomeadamente um acampamento fortificado.<\/p>\n<p style=\"text-align: justify;\">Grandes imp\u00e9rios estabeleceram-se e ca\u00edram, tendo como arma o arco e a flecha. Os primeiros a utilizar foram os eg\u00edpcios por volta dos 3.500 a.C. Os arcos eram do tamanho dos arqueiros e utilizavam flechas com pontas de pedra e bronze.<\/p>\n<p style=\"text-align: justify;\">Em 1.800 a.C. os ass\u00edrios introduziram um novo desenho: um arco constru\u00eddo com couro de marfim e madeira conseguindo um perfil recurvo. Estes arcos eram muito mais potentes que os utilizados at\u00e9 ent\u00e3o, com a vantagem adicional de poderem ser disparados a partir de um cavalo. Foi essa arma que permitiu expandir o seu imp\u00e9rio.<\/p>\n<p style=\"text-align: justify;\">Outros povos criaram impressionantes m\u00e1quinas de guerra. Os romanos que possu\u00edam um dos melhores ex\u00e9rcitos, nada puderam fazer perante os arqueiros persas. Os mong\u00f3is conquistaram grande parte da Europa, e os turcos demonstraram a sua valia nas suas cruzadas, em parte devido a superioridade dos seus arcos recurvos e uma melhor t\u00e9cnica no seu manejo.<\/p>\n<p style=\"text-align: justify;\">Os normandos no s\u00e9culo XI desenvolveram um arco grande conhecido por <strong>longbow <\/strong>que utilizaram para se defenderem dos ingleses na batalha de Hastings em 1066 d.C. A partir de ent\u00e3o os ingleses adoptaram o longbow como arma principal reconhecendo assim que o modelo que utilizavam estava obsoleto. Muitas das lendas que surgiram entre os s\u00e9culos XIII e XIV, como \u00e9 o caso de Robin Hood, mostraram que o uso do longbow se tornou muito popular.<\/p>\n<p style=\"text-align: justify;\">Enquanto o valor do arco como arma de guerra declinou depois do aparecimento das armas de fogo no s\u00e9culo XVI, o divertimento garantiu a sua exist\u00eancia. Por exemplo Henrique VIII promoveu o tiro com arco como desporto oficial em Inglaterra enquanto que Sir Christopher Morris em 1537 criou uma sociedade de arqueiros conhecida como a Irmandade de S\u00e3o Jorge.<\/p>\n<p style=\"text-align: justify;\">A partir de 1600 surgiram todo o tipo de sociedades relacionadas com o tiro com arco. As competi\u00e7\u00f5es e os torneios serviam para medir as categorias de cada uma delas, sendo o primeiro passo para a oficializa\u00e7\u00e3o do desporto. Com o tempo as senhoras come\u00e7aram a praticar a modalidade, e em 1787 d\u00e1-se a entrada da primeira mulher numa sociedade de arqueiros.<\/p>\n<p style=\"text-align: justify;\">No continente americano os \u00edndios tamb\u00e9m utilizavam o arco e a flecha para ca\u00e7ar. Mas o arco utilizado era bastante mais curto e fr\u00e1gil. O ca\u00e7ador tinha de se aproximar muito da presa para poder derrub\u00e1-la. Tamb\u00e9m havia em algumas tribos campeonatos de ca\u00e7a a cavalo ou ent\u00e3o na selva.<\/p>\n<p style=\"text-align: justify;\">Com a chegada dos europeus e dos seus arcos e flechas o interesse pela arma continuou e o primeiro clube de arqueiros foi fundado em 1828, na cidade de Filad\u00e9lfia, designado United Bowmen.<\/p>\n<p style=\"text-align: justify;\">Curiosamente fui a guerra civil dos Estados Unidos que impulsionou o interesse no tiro com arco. Quando a guerra terminou os soldados foram proibidos de usarem armas de fogo, encontrando no arco uma forma de sublimar as suas viv\u00eancias. No conv\u00edvio com os \u00edndios aprenderam todas as t\u00e9cnicas relacionadas com a arte.<\/p>\n<p style=\"text-align: justify;\">Em 1879 fundou-se a Associa\u00e7\u00e3o Nacional de Arqueiro, respons\u00e1vel por realizar as competi\u00e7\u00f5es nacionais. O entusiasmo surgido desde ent\u00e3o provoca o seu incremento e em 1939 aparece a Associa\u00e7\u00e3o Nacional de Tiro de Ca\u00e7a.<\/p>\n<p style=\"text-align: justify;\">A primeira vez que o tiro com arco aparece nas Olimp\u00edadas de Paris em 1900, em homenagem ao guerreiro m\u00edtico H\u00e9rcules, o qual se consideravam o primeiro arqueiro da hist\u00f3ria. Nos jogos Ol\u00edmpicos de S\u00e3o Lu\u00eds (1904) e nos de Inglaterra (1908), o tiro com arco ainda teve relevo. A partir da\u00ed a modalidade, entra em decl\u00ednio, nos jogos ol\u00edmpicos, com apenas uma representa\u00e7\u00e3o fugaz nos jogos da B\u00e9lgica (1920).<\/p>\n<p style=\"text-align: justify;\"><a href=\"http:\/\/arco.camadeira.com\/wp-content\/uploads\/2016\/10\/historia_arco02.jpg\"><img loading=\"lazy\" class=\"alignnone size-full wp-image-208\" src=\"http:\/\/arco.camadeira.com\/wp-content\/uploads\/2016\/10\/historia_arco02.jpg\" alt=\"historia_arco02\" width=\"250\" height=\"137\" \/><\/a><\/p>\n<p style=\"text-align: justify;\">Foram precisos 52 anos para que, finalmente, o arco se impor como modalidade ol\u00edmpica. Os problemas existentes nas primeiras competi\u00e7\u00f5es tiveram a haver com as inexist\u00eancias de regras universais. Se o pa\u00eds que organizava os jogos tinha associa\u00e7\u00f5es de arqueiros e tradi\u00e7\u00e3o na modalidade ent\u00e3o nesse ano disputava-se o tiro com arco, caso contr\u00e1rio n\u00e3o havia prova. Foram os polacos que em 1930 trabalharam intensivamente para criarem um regulamento internacional, que resultou na funda\u00e7\u00e3o na Federa\u00e7\u00e3o Internacional de Tiro com Arco (FITA). Foi encarregada de estipular as regras para as competi\u00e7\u00f5es internacionais entre a quais as Olimp\u00edadas. Foi devido a esse movimento que se conseguiu o interesse por este desporto em todo o mundo e em 1972 implementou-se definitivamente como modalidade ol\u00edmpica.<\/p>\n<p style=\"text-align: justify;\">O avan\u00e7o da t\u00e9cnica tem permitido novos modelos e novos materiais, permitindo um aumento na qualidade do tiro e por conseguinte o aumento do interesse na modalidade. Neste aspecto refere-se dois acontecimentos: o primeiro teve lugar em 1946 quando o homem chamado Doug Easton utilizou o alum\u00ednio para construir as flechas, permitindo uma melhor uniformidade e ligeireza do material, melhorando notavelmente os resultados dos arqueiros. O segundo acontecimento teve lugar em 1966 quando H.W. Allen inventou o arco composto. Este arco utiliza duas roldanas descentradas em rela\u00e7\u00e3o ao eixo central do arco e colocadas na sua extremidade, e que v\u00e3o reduzir significativamente a tens\u00e3o de abertura do arco. S\u00e3o muito populares no norte da Am\u00e9rica tanto no tiro ol\u00edmpico como na ca\u00e7a.<\/p>\n<p style=\"text-align: justify;\">Recentemente tem aparecido novos materiais, como o carbono que permite a constru\u00e7\u00e3o de flechas muito mais r\u00e1pidas e ligeiras, e associado ao aparecimento dos mais variados acess\u00f3rios, permite desfrutar cada vez mais e melhor do prazer desta interessante actividade desportiva.<\/p>\n<p style=\"text-align: justify;\">Na Madeira o in\u00edcio das atividades de \u00e2mbito desportivo ocorreu\u00a0no ano 2005 com a\u00e7\u00f5es de divulga\u00e7\u00e3o e uma <a href=\"http:\/\/camadeira.com\/arco\/ep05\/arco_Itrofeu_camad_report.htm\" target=\"_blank\">primeira prova<\/a> que decorreu nos Prazeres, Calheta.<\/p>\n<p style=\"text-align: justify;\"><a href=\"http:\/\/arco.camadeira.com\/wp-content\/uploads\/2016\/10\/arco_promocao_foto1.jpg\"><img loading=\"lazy\" class=\"alignnone size-full wp-image-212\" src=\"http:\/\/arco.camadeira.com\/wp-content\/uploads\/2016\/10\/arco_promocao_foto1.jpg\" alt=\"arco_promocao_foto1\" width=\"276\" height=\"228\" \/><\/a><a href=\"http:\/\/arco.camadeira.com\/wp-content\/uploads\/2016\/10\/arco_promocao_foto2.jpg\"><img loading=\"lazy\" class=\"alignnone size-full wp-image-213\" src=\"http:\/\/arco.camadeira.com\/wp-content\/uploads\/2016\/10\/arco_promocao_foto2.jpg\" alt=\"arco_promocao_foto2\" width=\"300\" height=\"231\" \/><\/a><a href=\"http:\/\/arco.camadeira.com\/wp-content\/uploads\/2016\/10\/foto02.jpg\"><img loading=\"lazy\" class=\"alignnone size-full wp-image-211\" src=\"http:\/\/arco.camadeira.com\/wp-content\/uploads\/2016\/10\/foto02.jpg\" alt=\"foto02\" width=\"198\" height=\"264\" \/><\/a><\/p>\n","protected":false},"excerpt":{"rendered":"<p>Hist\u00f3ria do Tiro Com Arco Quando entramos em contacto pela primeira vez com um arco, n\u00e3o temos a no\u00e7\u00e3o que se trata de uma actividade que se pratica a cerca de 20.000 anos. As pinturas rupestres mais antigas j\u00e1 mostram homens primitivos ca\u00e7ando com arco. O arco e a flecha formam desde sempre ferramentas para &hellip; <\/p>\n<p><a class=\"more-link block-button\" href=\"http:\/\/arco.camadeira.com\/?page_id=206\">Continue a ler &raquo;<\/a><\/p>\n","protected":false},"author":1,"featured_media":0,"parent":0,"menu_order":0,"comment_status":"closed","ping_status":"open","template":"","meta":[],"_links":{"self":[{"href":"http:\/\/arco.camadeira.com\/index.php?rest_route=\/wp\/v2\/pages\/206"}],"collection":[{"href":"http:\/\/arco.camadeira.com\/index.php?rest_route=\/wp\/v2\/pages"}],"about":[{"href":"http:\/\/arco.camadeira.com\/index.php?rest_route=\/wp\/v2\/types\/page"}],"author":[{"embeddable":true,"href":"http:\/\/arco.camadeira.com\/index.php?rest_route=\/wp\/v2\/users\/1"}],"replies":[{"embeddable":true,"href":"http:\/\/arco.camadeira.com\/index.php?rest_route=%2Fwp%2Fv2%2Fcomments&post=206"}],"version-history":[{"count":6,"href":"http:\/\/arco.camadeira.com\/index.php?rest_route=\/wp\/v2\/pages\/206\/revisions"}],"predecessor-version":[{"id":275,"href":"http:\/\/arco.camadeira.com\/index.php?rest_route=\/wp\/v2\/pages\/206\/revisions\/275"}],"wp:attachment":[{"href":"http:\/\/arco.camadeira.com\/index.php?rest_route=%2Fwp%2Fv2%2Fmedia&parent=206"}],"curies":[{"name":"wp","href":"https:\/\/api.w.org\/{rel}","templated":true}]}}